{"id":168,"date":"2017-11-23T16:40:35","date_gmt":"2017-11-23T15:40:35","guid":{"rendered":"https:\/\/www.euhpcinfrastructureworkshop.org\/?page_id=168"},"modified":"2017-11-23T16:41:02","modified_gmt":"2017-11-23T15:41:02","slug":"6th-european-hpc-infrastructure-workshop","status":"publish","type":"page","link":"https:\/\/www.euhpcinfrastructureworkshop.org\/?page_id=168","title":{"rendered":"6th European HPC Infrastructure Workshop"},"content":{"rendered":"<p>The aim of this series of workshops is to bring together specialists in HPC centre design and operation to discuss the latest trends and technologies for the infrastructure of supercomputing centres. Given that the requirements for HPC centres differ significantly from those of traditional data centres, this workshop provides a unique forum to exchange experiences with other sites that have similar requirements and challenges. This event covers a number of interesting updates from various HPC sites around Europe and beyond, along with discussions on energy efficient computing, infrastructure technologies and some considerations about future developments in HPC. This year there will be a special focus on the demands that HPC centres make on power grids, and how to discuss these with power grid operators.<\/p>\n<p>Last year\u2019s workshop gathered more than 60 participants together from all over the world with attendees representing computing centres (mostly from Europe, but from the USA and Australia as well), supercomputer vendors and other companies.<\/p>\n<p>This year\u2019s event will take place in the highly popular conference centre S\u00e5staholm, strategically located between Stockholm and Arlanda airport. S\u00e5staholm is well known for its charm, hospitality and excellent food \u2013 for more information, see http:\/\/sastaholm.se\/in-english\/.<\/p>\n<p>The workshop starts with a welcome dinner in the evening of Sunday May 10. On Sunday afternoon, buses will be available to bring you from Arlanda Airport to the conference venue. On Monday afternoon workshop participants will have the opportunity to visit two computer centres in Stockholm, PDC and Bahnhof&#8217;s Pionen. The PDC Center for High Performance Computing at the KTH Royal Institute of Technology houses the largest HPC system in the Nordic countries. The system is equipped with a local heat re-use system, which is used to heat the campus area. Pionen is a commercial server hall and is using heat re-use to the district heating and cooling networks in Stockholm.The workshop ends on Tuesday May 12 around 16.00 and buses will then take you back to Arlanda Airport.<\/p>\n<p>The workshop is sponsored by the PRACE project and will be followed by a PRACE-internal meeting on the morning of May 13. If you stay for this meeting, dinner will be served on Tuesday evening and lunch will be served on Wednesday before a bus takes you to Arlanda.<\/p>\n<p>The cost of the workshop is 100 Euro if your organization is a PRACE partner, otherwise it is 200 Euro. The workshop fee will be invoiced by the local organizer, KTH. VAT will be added to the cost. The cost for accommodation at S\u00e5staholm is 1275 SEK (around 135 Euro) + VAT per night, including breakfast, which should be paid directly to S\u00e5staholm when you leave.<\/p>\n<p>The registration is now closed. For more information send an email to the support email.<\/p>\n<p>&nbsp;<\/p>\n<table border=\"0\" width=\"95%\" cellspacing=\"5\" align=\"center\">\n<tbody>\n<tr>\n<td class=\"displayField\" align=\"right\" valign=\"top\"><b>Dates:<\/b><\/td>\n<td width=\"100%\">from 10 May 2015 18:00 to 13 May 2015 14:00<\/td>\n<\/tr>\n<tr>\n<td class=\"displayField\" align=\"right\" valign=\"top\"><b>Location:<\/b><\/td>\n<td><i>S\u00e5staholm<\/i><\/p>\n<pre>S\u00e5staholms All\u00e9 12\r\nSE-187 70 T\u00e4by\r\nSweden\r\nPhone:  +46 8 510 194 00<\/pre>\n<\/td>\n<\/tr>\n<tr>\n<td class=\"displayField\" align=\"right\" valign=\"top\"><b>Additional info:<\/b><\/td>\n<td>Sponsors of the workshop are:<br \/>\n* The Partnership for Advanced Computing in Europe, PRACE<br \/>\n* Swedish National Infrastructure for Computing \u2014 SNIC<br \/>\n* Open District Heating\u00ae by Fortum V\u00e4rme &#8211; a novel market for recovered heat<br \/>\n* PDC Center for High Performance Computing at KTH<br \/>\n* Commissariat \u00e0 l&#8217;\u00e9nergie atomique et aux \u00e9nergies alternatives &#8211; CEA<br \/>\n* Centro Svizzero di Calcolo Scientifico &#8211; CSCS &#8211; Swiss National Supercomputing Centre<br \/>\n* The Gauss Centre for Supercomputing &#8211; GCS<\/td>\n<\/tr>\n<\/tbody>\n<\/table>\n","protected":false},"excerpt":{"rendered":"<p>The aim of this series of workshops is to bring together specialists in HPC centre design and operation to discuss the latest trends and technologies for the infrastructure of supercomputing centres. Given that the requirements for HPC centres differ significantly &hellip; <a href=\"https:\/\/www.euhpcinfrastructureworkshop.org\/?page_id=168\">Continue reading <span class=\"meta-nav\">&rarr;<\/span><\/a><\/p>\n","protected":false},"author":2,"featured_media":0,"parent":52,"menu_order":0,"comment_status":"closed","ping_status":"closed","template":"","meta":{"footnotes":""},"class_list":["post-168","page","type-page","status-publish","hentry"],"_links":{"self":[{"href":"https:\/\/www.euhpcinfrastructureworkshop.org\/index.php?rest_route=\/wp\/v2\/pages\/168","targetHints":{"allow":["GET"]}}],"collection":[{"href":"https:\/\/www.euhpcinfrastructureworkshop.org\/index.php?rest_route=\/wp\/v2\/pages"}],"about":[{"href":"https:\/\/www.euhpcinfrastructureworkshop.org\/index.php?rest_route=\/wp\/v2\/types\/page"}],"author":[{"embeddable":true,"href":"https:\/\/www.euhpcinfrastructureworkshop.org\/index.php?rest_route=\/wp\/v2\/users\/2"}],"replies":[{"embeddable":true,"href":"https:\/\/www.euhpcinfrastructureworkshop.org\/index.php?rest_route=%2Fwp%2Fv2%2Fcomments&post=168"}],"version-history":[{"count":1,"href":"https:\/\/www.euhpcinfrastructureworkshop.org\/index.php?rest_route=\/wp\/v2\/pages\/168\/revisions"}],"predecessor-version":[{"id":169,"href":"https:\/\/www.euhpcinfrastructureworkshop.org\/index.php?rest_route=\/wp\/v2\/pages\/168\/revisions\/169"}],"up":[{"embeddable":true,"href":"https:\/\/www.euhpcinfrastructureworkshop.org\/index.php?rest_route=\/wp\/v2\/pages\/52"}],"wp:attachment":[{"href":"https:\/\/www.euhpcinfrastructureworkshop.org\/index.php?rest_route=%2Fwp%2Fv2%2Fmedia&parent=168"}],"curies":[{"name":"wp","href":"https:\/\/api.w.org\/{rel}","templated":true}]}}